{"id":1358,"date":"2012-01-08T17:53:11","date_gmt":"2012-01-08T17:53:11","guid":{"rendered":"http:\/\/themes.goodlayers.com\/modernize\/?page_id=1358"},"modified":"2024-04-05T12:29:56","modified_gmt":"2024-04-05T10:29:56","slug":"typography","status":"publish","type":"page","link":"https:\/\/www.zahnarztpraxis-hufschmidt.de\/?page_id=1358","title":{"rendered":"Behandlungskonzepte"},"content":{"rendered":"<ul>\n<li>F\u00fcllungen<\/li>\n<li>Prophylaxe<\/li>\n<li>Implantate<\/li>\n<li>Kronen und Br\u00fccken<\/li>\n<li>Zahnfleischerkrankungen (Parodontose)<\/li>\n<li>Kiefergelenkserkrankungen<\/li>\n<li>\u00e4sthetische Zahnheilkunde<\/li>\n<li>Wurzelkanalbehandlungen<\/li>\n<li>Schnarchbehandlung und Schlafapnoe<\/li>\n<li>Totalprothetik<\/li>\n<\/ul>\n","protected":false},"excerpt":{"rendered":"<p>F\u00fcllungen Prophylaxe Implantate Kronen und Br\u00fccken Zahnfleischerkrankungen (Parodontose) Kiefergelenkserkrankungen \u00e4sthetische Zahnheilkunde Wurzelkanalbehandlungen Schnarchbehandlung und Schlafapnoe Totalprothetik<\/p>\n","protected":false},"author":6,"featured_media":0,"parent":0,"menu_order":0,"comment_status":"open","ping_status":"open","template":"","meta":{"footnotes":""},"_links":{"self":[{"href":"https:\/\/www.zahnarztpraxis-hufschmidt.de\/index.php?rest_route=\/wp\/v2\/pages\/1358"}],"collection":[{"href":"https:\/\/www.zahnarztpraxis-hufschmidt.de\/index.php?rest_route=\/wp\/v2\/pages"}],"about":[{"href":"https:\/\/www.zahnarztpraxis-hufschmidt.de\/index.php?rest_route=\/wp\/v2\/types\/page"}],"author":[{"embeddable":true,"href":"https:\/\/www.zahnarztpraxis-hufschmidt.de\/index.php?rest_route=\/wp\/v2\/users\/6"}],"replies":[{"embeddable":true,"href":"https:\/\/www.zahnarztpraxis-hufschmidt.de\/index.php?rest_route=%2Fwp%2Fv2%2Fcomments&post=1358"}],"version-history":[{"count":1,"href":"https:\/\/www.zahnarztpraxis-hufschmidt.de\/index.php?rest_route=\/wp\/v2\/pages\/1358\/revisions"}],"predecessor-version":[{"id":3901,"href":"https:\/\/www.zahnarztpraxis-hufschmidt.de\/index.php?rest_route=\/wp\/v2\/pages\/1358\/revisions\/3901"}],"wp:attachment":[{"href":"https:\/\/www.zahnarztpraxis-hufschmidt.de\/index.php?rest_route=%2Fwp%2Fv2%2Fmedia&parent=1358"}],"curies":[{"name":"wp","href":"https:\/\/api.w.org\/{rel}","templated":true}]}}