{"id":3075,"date":"2012-09-23T16:15:55","date_gmt":"2012-09-23T14:15:55","guid":{"rendered":"https:\/\/www.zahnarztpraxis-hufschmidt.de\/?page_id=3075"},"modified":"2024-04-05T12:31:46","modified_gmt":"2024-04-05T10:31:46","slug":"implantate","status":"publish","type":"page","link":"https:\/\/www.zahnarztpraxis-hufschmidt.de\/?page_id=3075","title":{"rendered":"Implantate"},"content":{"rendered":"<p>Implantate sind k\u00fcnstliche Zahnwurzeln. Es gibt sie in der Zahnheilkunde seit \u00fcber 40 Jahren.<\/p>\n<p>Heute bestehen sie meist aus Titan und haben eine Schrauben- oder Zylinderform.<\/p>\n<p>Ich besch\u00e4ftige mich seit 1988 mit der zahn\u00e4rztlichen Implantologie und habe bereits 1993 das erste Implantat gesetzt. Mittlerweile habe ich viele hundert Patienten mit Implantaten versorgt und bin immer wieder begeistert von den M\u00f6glichkeiten dieser Behandlungstechnik. Haben fr\u00fcher die Patienten bei einer prothetischen Behandlung immer eigene Zahnsubstanz durch das Beschleifen der Z\u00e4hne (z. B. \u00dcberkronung f\u00fcr Br\u00fccken) verloren, so gewinnen sie heute bei der Implantation wieder eine neue Zahnwurzel.<\/p>\n<p><strong><em>Wer kann Implantate haben?<\/em><\/strong><\/p>\n<p>Fast jeder. Nur ganz wenige Allgemeinerkrankungen verbieten eine Implantation. H\u00f6heres Alter stellt keine Einschr\u00e4nkung dar.<\/p>\n<p><strong><em>Wann benutzt man Implantate?<\/em><\/strong><\/p>\n<p>Fast jede verlorene Zahnwurzel ist heute durch Implantation ersetzbar.<br \/>\nBesonders sinnvoll ist ein Implantat<\/p>\n<ul>\n<li>&nbsp;als Einzelzahnersatz, wenn die Nachbarz\u00e4hne kariesfrei sind oder nur kleine F\u00fcllungen haben. In solchen F\u00e4llen w\u00e4re eine Br\u00fccke (viel Zahnsubstanz muss f\u00fcr die \u00dcberkronung der Nachbarz\u00e4hne weggeschliffen werden) eine S\u00fcnde.<\/li>\n<li>zur Vermeidung einer herausnehmbaren Prothese.<\/li>\n<li>&nbsp;um einer Vollprothese mehr Halt zu geben. Gerade im Unterkiefer haben es die \u201eDritten\u201c manchmal schwer \u2013 hier helfen Implantate, damit Sie wieder richtig zubei\u00dfen k\u00f6nnen.<\/li>\n<\/ul>\n<p><strong><em><br \/>\nWelche Risiken birgt eine Implantation?<\/em><\/strong><\/p>\n<p>Allergien gegen Titan sind extrem selten. Die Wahrscheinlichkeit, dass ein Implantat gut einheilt, liegt heute bei deutlich \u00fcber 97%.<\/p>\n<p>Nat\u00fcrlich ist eine Implantation eine Operation, die auch Risiken birgt. Selbstverst\u00e4ndlich kl\u00e4ren wir Sie dar\u00fcber fallbezogen auf.<\/p>\n<p>Die Belastung f\u00fcr den Patienten ist situationsabh\u00e4ngig, aber meist viel geringer als man vermutet.<\/p>\n<p>Viele Patienten berichten mir, dass sie nach dem Implantieren weniger Beschwerden hatten, als nach dem Entfernen des Zahnes.<\/p>\n<p>Ich verwende das seit vielen Jahren bew\u00e4hrte Ankylos-System der Firma Dentsply-Friadent, dessen bei Einf\u00fchrung zukunftsweisende Konstruktionsprinzipien heute von mehreren Herstellern neu \u00fcbernommen werden.<\/p>\n","protected":false},"excerpt":{"rendered":"<p>Implantate sind k\u00fcnstliche Zahnwurzeln. Es gibt sie in der Zahnheilkunde seit \u00fcber 40 Jahren. Heute bestehen sie meist aus Titan und haben eine Schrauben- oder Zylinderform. Ich besch\u00e4ftige mich seit 1988 mit der zahn\u00e4rztlichen Implantologie und habe bereits 1993 das erste Implantat gesetzt. Mittlerweile habe ich viele hundert Patienten mit Implantaten versorgt und bin immer wieder begeistert von den M\u00f6glichkeiten dieser Behandlungstechnik. Haben fr\u00fcher die Patienten bei einer prothetischen Behandlung immer eigene Zahnsubstanz durch das Beschleifen der Z\u00e4hne (z. B. \u00dcberkronung f\u00fcr Br\u00fccken) verloren, so gewinnen sie heute bei der Implantation wieder eine neue Zahnwurzel. Wer kann Implantate haben? Fast jeder. Nur ganz wenige Allgemeinerkrankungen verbieten eine Implantation. H\u00f6heres Alter stellt keine Einschr\u00e4nkung dar. Wann benutzt man Implantate? Fast jede verlorene Zahnwurzel ist heute durch Implantation ersetzbar. Besonders sinnvoll ist ein Implantat &nbsp;als Einzelzahnersatz, wenn die Nachbarz\u00e4hne kariesfrei sind oder nur kleine F\u00fcllungen haben. In solchen F\u00e4llen w\u00e4re eine Br\u00fccke (viel Zahnsubstanz muss f\u00fcr die \u00dcberkronung der Nachbarz\u00e4hne weggeschliffen werden) eine S\u00fcnde. zur Vermeidung einer herausnehmbaren Prothese. &nbsp;um einer Vollprothese mehr Halt zu geben. Gerade im Unterkiefer haben es die \u201eDritten\u201c manchmal schwer \u2013 hier helfen Implantate, damit Sie wieder richtig zubei\u00dfen k\u00f6nnen. Welche Risiken birgt eine Implantation? Allergien gegen Titan sind extrem selten. Die Wahrscheinlichkeit, dass ein Implantat gut einheilt, liegt heute bei deutlich \u00fcber 97%. Nat\u00fcrlich ist eine Implantation eine Operation, die auch Risiken birgt. Selbstverst\u00e4ndlich kl\u00e4ren wir Sie dar\u00fcber fallbezogen auf. Die Belastung f\u00fcr den Patienten ist situationsabh\u00e4ngig, aber meist viel geringer als man vermutet. Viele Patienten berichten mir, dass sie nach dem Implantieren weniger Beschwerden hatten, als nach dem Entfernen des Zahnes. Ich verwende das seit vielen Jahren bew\u00e4hrte Ankylos-System der Firma Dentsply-Friadent, dessen bei Einf\u00fchrung zukunftsweisende Konstruktionsprinzipien heute von mehreren Herstellern neu \u00fcbernommen werden.<\/p>\n","protected":false},"author":6,"featured_media":0,"parent":0,"menu_order":0,"comment_status":"open","ping_status":"open","template":"","meta":{"footnotes":""},"_links":{"self":[{"href":"https:\/\/www.zahnarztpraxis-hufschmidt.de\/index.php?rest_route=\/wp\/v2\/pages\/3075"}],"collection":[{"href":"https:\/\/www.zahnarztpraxis-hufschmidt.de\/index.php?rest_route=\/wp\/v2\/pages"}],"about":[{"href":"https:\/\/www.zahnarztpraxis-hufschmidt.de\/index.php?rest_route=\/wp\/v2\/types\/page"}],"author":[{"embeddable":true,"href":"https:\/\/www.zahnarztpraxis-hufschmidt.de\/index.php?rest_route=\/wp\/v2\/users\/6"}],"replies":[{"embeddable":true,"href":"https:\/\/www.zahnarztpraxis-hufschmidt.de\/index.php?rest_route=%2Fwp%2Fv2%2Fcomments&post=3075"}],"version-history":[{"count":2,"href":"https:\/\/www.zahnarztpraxis-hufschmidt.de\/index.php?rest_route=\/wp\/v2\/pages\/3075\/revisions"}],"predecessor-version":[{"id":3906,"href":"https:\/\/www.zahnarztpraxis-hufschmidt.de\/index.php?rest_route=\/wp\/v2\/pages\/3075\/revisions\/3906"}],"wp:attachment":[{"href":"https:\/\/www.zahnarztpraxis-hufschmidt.de\/index.php?rest_route=%2Fwp%2Fv2%2Fmedia&parent=3075"}],"curies":[{"name":"wp","href":"https:\/\/api.w.org\/{rel}","templated":true}]}}