{"id":3081,"date":"2012-09-23T16:16:53","date_gmt":"2012-09-23T14:16:53","guid":{"rendered":"https:\/\/www.zahnarztpraxis-hufschmidt.de\/?page_id=3081"},"modified":"2024-04-05T12:31:15","modified_gmt":"2024-04-05T10:31:15","slug":"kiefergelenkerkrankungen","status":"publish","type":"page","link":"https:\/\/www.zahnarztpraxis-hufschmidt.de\/?page_id=3081","title":{"rendered":"Kiefergelenkerkrankungen (CMD \u2013 kraniomandibul\u00e4re Dysfunktion)"},"content":{"rendered":"<p>Die Diagnostik und Therapie der cranio- mandibul\u00e4ren Dysfunktion (CMD) geh\u00f6rt zu meinen besonderen Behandlungsschwerpunkten.<\/p>\n<p>Im Team mit Orthop\u00e4den, Physiotherapeuten, Schmerztherapeuten oder Psychologen behandeln wir die Probleme in komplexer gelagerten F\u00e4llen auch interdisziplin\u00e4r.<\/p>\n<p>Die Schule nach Professor Bumann erlaubt eine gewebsspezifische Diagnose (Welche anatomische Struktur tut weh? Was verursacht das Kieferknacken?).<br \/>\nHierdurch wird eine fundierte Ursachenerkennung gew\u00e4hrleistet, auf die eine zielgerichtete Therapie bei Schmerzen im Gelenk oder in der Muskulatur, bei Bewegungseinschr\u00e4nkungen und Gelenkger\u00e4uschen erfolgen kann.<\/p>\n<p><span style=\"text-decoration: underline;\"><br \/>\nSie haben:<br \/>\n<\/span><br \/>\n&#8211; Beschwerden<br \/>\n&nbsp;&nbsp;&nbsp;&nbsp;&nbsp;&nbsp;&nbsp;&nbsp;&nbsp;&#8211; in den Kaumuskeln<br \/>\n&nbsp;&nbsp;&nbsp;&nbsp;&nbsp;&nbsp;&nbsp;&nbsp;&nbsp;&#8211; im Kiefergelenk<br \/>\n&nbsp;&nbsp;&nbsp;&nbsp;&nbsp;&nbsp;&nbsp;&nbsp;&nbsp;&#8211; an der Wirbels\u00e4ule (besonders HWS)<br \/>\n<span style=\"line-height: 1.5em;\">&#8211; Kopfschmerzen<br \/>\n<\/span><span style=\"line-height: 1.5em;\">&#8211; Kiefergelenkger\u00e4usche<br \/>\n<\/span><span style=\"line-height: 1.5em;\">&#8211; eine Mund\u00f6ffnungseinschr\u00e4nkung<br \/>\n<\/span><span style=\"line-height: 1.5em;\">&#8211; Tinnitus<br \/>\n<\/span><br \/>\nEine kraniomandibul\u00e4re Dysfunktion kann die Ursache sein.<\/p>\n<p>&nbsp;<\/p>\n<p>&nbsp;<\/p>\n<p>&nbsp;<\/p>\n","protected":false},"excerpt":{"rendered":"<p>Die Diagnostik und Therapie der cranio- mandibul\u00e4ren Dysfunktion (CMD) geh\u00f6rt zu meinen besonderen Behandlungsschwerpunkten. Im Team mit Orthop\u00e4den, Physiotherapeuten, Schmerztherapeuten oder Psychologen behandeln wir die Probleme in komplexer gelagerten F\u00e4llen auch interdisziplin\u00e4r. Die Schule nach Professor Bumann erlaubt eine gewebsspezifische Diagnose (Welche anatomische Struktur tut weh? Was verursacht das Kieferknacken?). Hierdurch wird eine fundierte Ursachenerkennung gew\u00e4hrleistet, auf die eine zielgerichtete Therapie bei Schmerzen im Gelenk oder in der Muskulatur, bei Bewegungseinschr\u00e4nkungen und Gelenkger\u00e4uschen erfolgen kann. Sie haben: &#8211; Beschwerden &nbsp;&nbsp;&nbsp;&nbsp;&nbsp;&nbsp;&nbsp;&nbsp;&nbsp;&#8211; in den Kaumuskeln &nbsp;&nbsp;&nbsp;&nbsp;&nbsp;&nbsp;&nbsp;&nbsp;&nbsp;&#8211; im Kiefergelenk &nbsp;&nbsp;&nbsp;&nbsp;&nbsp;&nbsp;&nbsp;&nbsp;&nbsp;&#8211; an der Wirbels\u00e4ule (besonders HWS) &#8211; Kopfschmerzen &#8211; Kiefergelenkger\u00e4usche &#8211; eine Mund\u00f6ffnungseinschr\u00e4nkung &#8211; Tinnitus Eine kraniomandibul\u00e4re Dysfunktion kann die Ursache sein. &nbsp; &nbsp; &nbsp;<\/p>\n","protected":false},"author":6,"featured_media":0,"parent":0,"menu_order":0,"comment_status":"open","ping_status":"open","template":"","meta":{"footnotes":""},"_links":{"self":[{"href":"https:\/\/www.zahnarztpraxis-hufschmidt.de\/index.php?rest_route=\/wp\/v2\/pages\/3081"}],"collection":[{"href":"https:\/\/www.zahnarztpraxis-hufschmidt.de\/index.php?rest_route=\/wp\/v2\/pages"}],"about":[{"href":"https:\/\/www.zahnarztpraxis-hufschmidt.de\/index.php?rest_route=\/wp\/v2\/types\/page"}],"author":[{"embeddable":true,"href":"https:\/\/www.zahnarztpraxis-hufschmidt.de\/index.php?rest_route=\/wp\/v2\/users\/6"}],"replies":[{"embeddable":true,"href":"https:\/\/www.zahnarztpraxis-hufschmidt.de\/index.php?rest_route=%2Fwp%2Fv2%2Fcomments&post=3081"}],"version-history":[{"count":1,"href":"https:\/\/www.zahnarztpraxis-hufschmidt.de\/index.php?rest_route=\/wp\/v2\/pages\/3081\/revisions"}],"predecessor-version":[{"id":3896,"href":"https:\/\/www.zahnarztpraxis-hufschmidt.de\/index.php?rest_route=\/wp\/v2\/pages\/3081\/revisions\/3896"}],"wp:attachment":[{"href":"https:\/\/www.zahnarztpraxis-hufschmidt.de\/index.php?rest_route=%2Fwp%2Fv2%2Fmedia&parent=3081"}],"curies":[{"name":"wp","href":"https:\/\/api.w.org\/{rel}","templated":true}]}}