{"id":3086,"date":"2012-09-23T16:17:53","date_gmt":"2012-09-23T14:17:53","guid":{"rendered":"https:\/\/www.zahnarztpraxis-hufschmidt.de\/?page_id=3086"},"modified":"2024-04-05T12:32:46","modified_gmt":"2024-04-05T10:32:46","slug":"wurzelkanalbehandlungen","status":"publish","type":"page","link":"https:\/\/www.zahnarztpraxis-hufschmidt.de\/?page_id=3086","title":{"rendered":"Wurzelkanalbehandlungen"},"content":{"rendered":"<p>Entz\u00fcndeter \/ abgestorbener Zahnnerv &#8211; was nun?<br \/>\nDie Erfolgsaussichten von Wurzelkanalbehandlungen waren fr\u00fcher m\u00e4\u00dfig &#8211; nur etwa 50% der Z\u00e4hne konnten \u00fcber einen Zeitraum von 5 Jahren erhalten werden.<\/p>\n<p>In den letzten Jahren wurden jedoch weitreichende Verbesserungen gegen\u00fcber den fr\u00fcher angewandten Techniken eingef\u00fchrt.<\/p>\n<p>So sollte die L\u00e4nge einer Zahnwurzel heute nicht mehr mit einem R\u00f6ntgenbild, sondern mit der viel pr\u00e4ziseren Methode der elektronischen L\u00e4ngenbestimmung gemessen werden. Flexible Nickeltitaninstrumente, welche regelm\u00e4\u00dfig ausgetauscht werden m\u00fcssen, und die Anwendung verschiedener, die Desinfektion der Wurzelkan\u00e4le verbessernder Sp\u00fcll\u00f6sungen, sind nur einige weitere Beispiele f\u00fcr die Fortschritte, die die Zuverl\u00e4ssigkeit von Wurzelbehandlungen gegen\u00fcber fr\u00fcher betr\u00e4chtlich erh\u00f6hen.<\/p>\n<p>Dass diese Methoden in Deutschland lange Zeit kaum zur Anwendung kamen, und immer noch nicht fl\u00e4chendeckend eingesetzt werden, ist der Tatsache geschuldet, dass sie f\u00fcr gesetzlich krankenversicherte Patienten bis heute nicht abrechenbar sind. Leider verharrt die GKV, wie so oft, bei den Behandlungsmethoden der 1970\/80-er Jahre.<\/p>\n<p>Hiermit sollten Sie sich nicht abfinden, sondern Ihren erkrankten Zahn mit einer Wurzelbehandlung nach modernen wissenschaftlichen Erkenntnissen behandeln lassen. Die daf\u00fcr zus\u00e4tzlich notwendigen Arbeitsschritte k\u00f6nnen gl\u00fccklicherweise mittlerweile privat vereinbart werden, <span style=\"text-decoration: underline;\">ohne<\/span> dass Sie den Anspruch auf die Abrechnung der Grundleistungen \u00fcber die Krankenversichertenkarte verlieren.<\/p>\n<p>Die Kosten sind nicht hoch, jedoch verbessert eine qualitativ hochwertige Wurzelkanalbehandlung die langfristigen Erfolgsaussichten f\u00fcr Ihren Zahn erheblich.<\/p>\n","protected":false},"excerpt":{"rendered":"<p>Entz\u00fcndeter \/ abgestorbener Zahnnerv &#8211; was nun? Die Erfolgsaussichten von Wurzelkanalbehandlungen waren fr\u00fcher m\u00e4\u00dfig &#8211; nur etwa 50% der Z\u00e4hne konnten \u00fcber einen Zeitraum von 5 Jahren erhalten werden. In den letzten Jahren wurden jedoch weitreichende Verbesserungen gegen\u00fcber den fr\u00fcher angewandten Techniken eingef\u00fchrt. So sollte die L\u00e4nge einer Zahnwurzel heute nicht mehr mit einem R\u00f6ntgenbild, sondern mit der viel pr\u00e4ziseren Methode der elektronischen L\u00e4ngenbestimmung gemessen werden. Flexible Nickeltitaninstrumente, welche regelm\u00e4\u00dfig ausgetauscht werden m\u00fcssen, und die Anwendung verschiedener, die Desinfektion der Wurzelkan\u00e4le verbessernder Sp\u00fcll\u00f6sungen, sind nur einige weitere Beispiele f\u00fcr die Fortschritte, die die Zuverl\u00e4ssigkeit von Wurzelbehandlungen gegen\u00fcber fr\u00fcher betr\u00e4chtlich erh\u00f6hen. Dass diese Methoden in Deutschland lange Zeit kaum zur Anwendung kamen, und immer noch nicht fl\u00e4chendeckend eingesetzt werden, ist der Tatsache geschuldet, dass sie f\u00fcr gesetzlich krankenversicherte Patienten bis heute nicht abrechenbar sind. Leider verharrt die GKV, wie so oft, bei den Behandlungsmethoden der 1970\/80-er Jahre. Hiermit sollten Sie sich nicht abfinden, sondern Ihren erkrankten Zahn mit einer Wurzelbehandlung nach modernen wissenschaftlichen Erkenntnissen behandeln lassen. Die daf\u00fcr zus\u00e4tzlich notwendigen Arbeitsschritte k\u00f6nnen gl\u00fccklicherweise mittlerweile privat vereinbart werden, ohne dass Sie den Anspruch auf die Abrechnung der Grundleistungen \u00fcber die Krankenversichertenkarte verlieren. Die Kosten sind nicht hoch, jedoch verbessert eine qualitativ hochwertige Wurzelkanalbehandlung die langfristigen Erfolgsaussichten f\u00fcr Ihren Zahn erheblich.<\/p>\n","protected":false},"author":6,"featured_media":0,"parent":0,"menu_order":0,"comment_status":"open","ping_status":"open","template":"","meta":{"footnotes":""},"_links":{"self":[{"href":"https:\/\/www.zahnarztpraxis-hufschmidt.de\/index.php?rest_route=\/wp\/v2\/pages\/3086"}],"collection":[{"href":"https:\/\/www.zahnarztpraxis-hufschmidt.de\/index.php?rest_route=\/wp\/v2\/pages"}],"about":[{"href":"https:\/\/www.zahnarztpraxis-hufschmidt.de\/index.php?rest_route=\/wp\/v2\/types\/page"}],"author":[{"embeddable":true,"href":"https:\/\/www.zahnarztpraxis-hufschmidt.de\/index.php?rest_route=\/wp\/v2\/users\/6"}],"replies":[{"embeddable":true,"href":"https:\/\/www.zahnarztpraxis-hufschmidt.de\/index.php?rest_route=%2Fwp%2Fv2%2Fcomments&post=3086"}],"version-history":[{"count":1,"href":"https:\/\/www.zahnarztpraxis-hufschmidt.de\/index.php?rest_route=\/wp\/v2\/pages\/3086\/revisions"}],"predecessor-version":[{"id":3889,"href":"https:\/\/www.zahnarztpraxis-hufschmidt.de\/index.php?rest_route=\/wp\/v2\/pages\/3086\/revisions\/3889"}],"wp:attachment":[{"href":"https:\/\/www.zahnarztpraxis-hufschmidt.de\/index.php?rest_route=%2Fwp%2Fv2%2Fmedia&parent=3086"}],"curies":[{"name":"wp","href":"https:\/\/api.w.org\/{rel}","templated":true}]}}