{"id":3088,"date":"2012-09-23T16:18:31","date_gmt":"2012-09-23T14:18:31","guid":{"rendered":"https:\/\/www.zahnarztpraxis-hufschmidt.de\/?page_id=3088"},"modified":"2024-04-05T18:43:31","modified_gmt":"2024-04-05T16:43:31","slug":"schnarchen-und-schlafapnoe","status":"publish","type":"page","link":"https:\/\/www.zahnarztpraxis-hufschmidt.de\/?page_id=3088","title":{"rendered":"Behandlung des Schnarchens und der Schlafapnoe"},"content":{"rendered":"\n<p><em>Schnarchen Sie?<br>F\u00fchlen Sie sich morgens immer noch unausgeschlafen oder haben Sie nachts Atemaussetzer?<br>Wurde bei Ihnen eine Schlafapnoe festgestellt?<\/em><\/p>\n\n\n\n<p>Die zahn\u00e4rztliche Schlaftherapie kann helfen. Mit individuell angepassten Schienen wird der Unterkiefer w\u00e4hrend des Schlafes vorverlagert, der Rachenraum erweitert und der Atem kann wieder leichter str\u00f6men. Das Schnarchen wird vermindert, auch Ihr Partner kann wieder ruhig schlafen. Bei n\u00e4chtlichen Atemaussetzern kann die Schienentherapie ein Ersatz oder eine Erg\u00e4nzung ( Urlaub, Reise) f\u00fcr die CPAP-Therapie sein.<\/p>\n\n\n\n<p>Die Schienentherapien zur Behandlung des einfachen Schnarchens oder der Schlafapnoe f\u00fchre ich in Zusammenarbeit mit HNO- bzw. Lungenfach\u00e4rzten durch.<\/p>\n\n\n\n<p><a title=\"www.dgzs.de\" href=\"http:\/\/www.dgzs.de\" target=\"_blank\" rel=\"noopener\">www.dgzs.de<\/a><\/p>\n\n\n\n<figure class=\"wp-block-image\"><a href=\"https:\/\/www.zahnarztpraxis-hufschmidt.de\/wp-content\/uploads\/2024\/04\/logo_dgzs.jpg\"><img decoding=\"async\" src=\"https:\/\/www.zahnarztpraxis-hufschmidt.de\/wp-content\/uploads\/2024\/04\/logo_dgzs.jpg\" alt=\"dgzs\" class=\"wp-image-3536\"\/><\/a><\/figure>\n","protected":false},"excerpt":{"rendered":"<p>Schnarchen Sie?F\u00fchlen Sie sich morgens immer noch unausgeschlafen oder haben Sie nachts Atemaussetzer?Wurde bei Ihnen eine Schlafapnoe festgestellt? Die zahn\u00e4rztliche Schlaftherapie kann helfen. Mit individuell angepassten Schienen wird der Unterkiefer w\u00e4hrend des Schlafes vorverlagert, der Rachenraum erweitert und der Atem kann wieder leichter str\u00f6men. Das Schnarchen wird vermindert, auch Ihr Partner kann wieder ruhig schlafen. Bei n\u00e4chtlichen Atemaussetzern kann die Schienentherapie ein Ersatz oder eine Erg\u00e4nzung ( Urlaub, Reise) f\u00fcr die CPAP-Therapie sein. Die Schienentherapien zur Behandlung des einfachen Schnarchens oder der Schlafapnoe f\u00fchre ich in Zusammenarbeit mit HNO- bzw. Lungenfach\u00e4rzten durch. www.dgzs.de<\/p>\n","protected":false},"author":6,"featured_media":0,"parent":0,"menu_order":0,"comment_status":"open","ping_status":"open","template":"","meta":{"footnotes":""},"_links":{"self":[{"href":"https:\/\/www.zahnarztpraxis-hufschmidt.de\/index.php?rest_route=\/wp\/v2\/pages\/3088"}],"collection":[{"href":"https:\/\/www.zahnarztpraxis-hufschmidt.de\/index.php?rest_route=\/wp\/v2\/pages"}],"about":[{"href":"https:\/\/www.zahnarztpraxis-hufschmidt.de\/index.php?rest_route=\/wp\/v2\/types\/page"}],"author":[{"embeddable":true,"href":"https:\/\/www.zahnarztpraxis-hufschmidt.de\/index.php?rest_route=\/wp\/v2\/users\/6"}],"replies":[{"embeddable":true,"href":"https:\/\/www.zahnarztpraxis-hufschmidt.de\/index.php?rest_route=%2Fwp%2Fv2%2Fcomments&post=3088"}],"version-history":[{"count":3,"href":"https:\/\/www.zahnarztpraxis-hufschmidt.de\/index.php?rest_route=\/wp\/v2\/pages\/3088\/revisions"}],"predecessor-version":[{"id":3955,"href":"https:\/\/www.zahnarztpraxis-hufschmidt.de\/index.php?rest_route=\/wp\/v2\/pages\/3088\/revisions\/3955"}],"wp:attachment":[{"href":"https:\/\/www.zahnarztpraxis-hufschmidt.de\/index.php?rest_route=%2Fwp%2Fv2%2Fmedia&parent=3088"}],"curies":[{"name":"wp","href":"https:\/\/api.w.org\/{rel}","templated":true}]}}