{"id":3090,"date":"2012-09-23T16:18:53","date_gmt":"2012-09-23T14:18:53","guid":{"rendered":"https:\/\/www.zahnarztpraxis-hufschmidt.de\/?page_id=3090"},"modified":"2024-04-05T12:32:34","modified_gmt":"2024-04-05T10:32:34","slug":"totalprothetik","status":"publish","type":"page","link":"https:\/\/www.zahnarztpraxis-hufschmidt.de\/?page_id=3090","title":{"rendered":"Totalprothetik"},"content":{"rendered":"<p>Die Herstellung von Totalprothesen (bei vollst\u00e4ndiger Zahnlosigkeit) wird in meiner Praxis nach den Behandlungsmethoden von Professor Gutowski durchgef\u00fchrt.<\/p>\n<p>Dies beinhaltet aufw\u00e4ndige Techniken f\u00fcr besonders pr\u00e4zise Abdr\u00fccke, Bissnahme, \u00e4sthetische- und funktionelle Zahnaufstellung. So k\u00f6nnen wir uns z. B. an alten Fotografien orientieren, um eine wunschgem\u00e4\u00dfe Zahnstellung zu realisieren.<\/p>\n<p>Der Aufwand lohnt sich! Das \u00e4sthetische Erscheinungsbild, sowie die Kaufunktion werden im Rahmen dessen, was im Bereich der Totalprothetik m\u00f6glich ist, optimiert.<\/p>\n","protected":false},"excerpt":{"rendered":"<p>Die Herstellung von Totalprothesen (bei vollst\u00e4ndiger Zahnlosigkeit) wird in meiner Praxis nach den Behandlungsmethoden von Professor Gutowski durchgef\u00fchrt. Dies beinhaltet aufw\u00e4ndige Techniken f\u00fcr besonders pr\u00e4zise Abdr\u00fccke, Bissnahme, \u00e4sthetische- und funktionelle Zahnaufstellung. So k\u00f6nnen wir uns z. B. an alten Fotografien orientieren, um eine wunschgem\u00e4\u00dfe Zahnstellung zu realisieren. Der Aufwand lohnt sich! Das \u00e4sthetische Erscheinungsbild, sowie die Kaufunktion werden im Rahmen dessen, was im Bereich der Totalprothetik m\u00f6glich ist, optimiert.<\/p>\n","protected":false},"author":6,"featured_media":0,"parent":0,"menu_order":0,"comment_status":"open","ping_status":"open","template":"","meta":{"footnotes":""},"_links":{"self":[{"href":"https:\/\/www.zahnarztpraxis-hufschmidt.de\/index.php?rest_route=\/wp\/v2\/pages\/3090"}],"collection":[{"href":"https:\/\/www.zahnarztpraxis-hufschmidt.de\/index.php?rest_route=\/wp\/v2\/pages"}],"about":[{"href":"https:\/\/www.zahnarztpraxis-hufschmidt.de\/index.php?rest_route=\/wp\/v2\/types\/page"}],"author":[{"embeddable":true,"href":"https:\/\/www.zahnarztpraxis-hufschmidt.de\/index.php?rest_route=\/wp\/v2\/users\/6"}],"replies":[{"embeddable":true,"href":"https:\/\/www.zahnarztpraxis-hufschmidt.de\/index.php?rest_route=%2Fwp%2Fv2%2Fcomments&post=3090"}],"version-history":[{"count":1,"href":"https:\/\/www.zahnarztpraxis-hufschmidt.de\/index.php?rest_route=\/wp\/v2\/pages\/3090\/revisions"}],"predecessor-version":[{"id":3885,"href":"https:\/\/www.zahnarztpraxis-hufschmidt.de\/index.php?rest_route=\/wp\/v2\/pages\/3090\/revisions\/3885"}],"wp:attachment":[{"href":"https:\/\/www.zahnarztpraxis-hufschmidt.de\/index.php?rest_route=%2Fwp%2Fv2%2Fmedia&parent=3090"}],"curies":[{"name":"wp","href":"https:\/\/api.w.org\/{rel}","templated":true}]}}