{"id":3238,"date":"2012-09-23T17:46:44","date_gmt":"2012-09-23T15:46:44","guid":{"rendered":"https:\/\/www.zahnarztpraxis-hufschmidt.de\/?page_id=3238"},"modified":"2024-04-05T12:31:53","modified_gmt":"2024-04-05T10:31:53","slug":"neupatienten","status":"publish","type":"page","link":"https:\/\/www.zahnarztpraxis-hufschmidt.de\/?page_id=3238","title":{"rendered":"Neupatienten"},"content":{"rendered":"<p>Gerne hei\u00dfen wir Sie als neue Patientin \/ neuen Patienten in unserer Praxis willkommen.<br \/>\nBeim ersten Termin nehmen wir uns mindestens eine halbe Stunde f\u00fcr Sie Zeit, um Ihre W\u00fcnsche besprechen zu k\u00f6nnen und nach eingehender Untersuchung ggf. einen Behandlungsplan zu erstellen.<\/p>\n<p>Vorher brauchen wir noch einige Angaben zu Ihrer Person und Ihrer Krankheitsgeschichte. Ihre Vorerkrankungen zu kennen, erm\u00f6glicht eine sichere Behandlung.<br \/>\n<a title=\"Anamnesebogen\" href=\"https:\/\/www.zahnarztpraxis-hufschmidt.de\/Anamnesebogen.pdf\" target=\"_blank\" rel=\"noopener\"><strong><span style=\"text-decoration: underline;\">Hier<\/span><\/strong><\/a> k\u00f6nnen Sie unser Anmeldeformular als PDF-Datei herunterladen. Bitte f\u00fcllen Sie es gewissenhaft aus. Wenn Sie m\u00f6chten, k\u00f6nnen Sie es zu Hause in Ruhe ausf\u00fcllen und zum ersten Termin mitbringen. Selbstverst\u00e4ndlich erhalten Sie es sonst auch in der Praxis.<\/p>\n<p>Wenn Sie gesetzlich versichert sind, denken Sie bitte an die Krankenversichertenkarte.<\/p>\n<p>Informieren Sie uns bitte m\u00f6glichst vor Ihrem ersten Besuch, wenn wir bereits vorhandene R\u00f6ntgenbilder aus einer anderen Praxis anfordern k\u00f6nnen. Falls Sie selbst \u00fcber R\u00f6ntgenbilder des Kiefers oder der Z\u00e4hne verf\u00fcgen, so bringen Sie diese bitte mit.<\/p>\n","protected":false},"excerpt":{"rendered":"<p>Gerne hei\u00dfen wir Sie als neue Patientin \/ neuen Patienten in unserer Praxis willkommen. Beim ersten Termin nehmen wir uns mindestens eine halbe Stunde f\u00fcr Sie Zeit, um Ihre W\u00fcnsche besprechen zu k\u00f6nnen und nach eingehender Untersuchung ggf. einen Behandlungsplan zu erstellen. Vorher brauchen wir noch einige Angaben zu Ihrer Person und Ihrer Krankheitsgeschichte. Ihre Vorerkrankungen zu kennen, erm\u00f6glicht eine sichere Behandlung. Hier k\u00f6nnen Sie unser Anmeldeformular als PDF-Datei herunterladen. Bitte f\u00fcllen Sie es gewissenhaft aus. Wenn Sie m\u00f6chten, k\u00f6nnen Sie es zu Hause in Ruhe ausf\u00fcllen und zum ersten Termin mitbringen. Selbstverst\u00e4ndlich erhalten Sie es sonst auch in der Praxis. Wenn Sie gesetzlich versichert sind, denken Sie bitte an die Krankenversichertenkarte. Informieren Sie uns bitte m\u00f6glichst vor Ihrem ersten Besuch, wenn wir bereits vorhandene R\u00f6ntgenbilder aus einer anderen Praxis anfordern k\u00f6nnen. Falls Sie selbst \u00fcber R\u00f6ntgenbilder des Kiefers oder der Z\u00e4hne verf\u00fcgen, so bringen Sie diese bitte mit.<\/p>\n","protected":false},"author":6,"featured_media":0,"parent":0,"menu_order":0,"comment_status":"open","ping_status":"open","template":"","meta":{"footnotes":""},"_links":{"self":[{"href":"https:\/\/www.zahnarztpraxis-hufschmidt.de\/index.php?rest_route=\/wp\/v2\/pages\/3238"}],"collection":[{"href":"https:\/\/www.zahnarztpraxis-hufschmidt.de\/index.php?rest_route=\/wp\/v2\/pages"}],"about":[{"href":"https:\/\/www.zahnarztpraxis-hufschmidt.de\/index.php?rest_route=\/wp\/v2\/types\/page"}],"author":[{"embeddable":true,"href":"https:\/\/www.zahnarztpraxis-hufschmidt.de\/index.php?rest_route=\/wp\/v2\/users\/6"}],"replies":[{"embeddable":true,"href":"https:\/\/www.zahnarztpraxis-hufschmidt.de\/index.php?rest_route=%2Fwp%2Fv2%2Fcomments&post=3238"}],"version-history":[{"count":1,"href":"https:\/\/www.zahnarztpraxis-hufschmidt.de\/index.php?rest_route=\/wp\/v2\/pages\/3238\/revisions"}],"predecessor-version":[{"id":3886,"href":"https:\/\/www.zahnarztpraxis-hufschmidt.de\/index.php?rest_route=\/wp\/v2\/pages\/3238\/revisions\/3886"}],"wp:attachment":[{"href":"https:\/\/www.zahnarztpraxis-hufschmidt.de\/index.php?rest_route=%2Fwp%2Fv2%2Fmedia&parent=3238"}],"curies":[{"name":"wp","href":"https:\/\/api.w.org\/{rel}","templated":true}]}}