{"id":3413,"date":"2012-09-25T22:08:53","date_gmt":"2012-09-25T20:08:53","guid":{"rendered":"https:\/\/www.zahnarztpraxis-hufschmidt.de\/?page_id=3413"},"modified":"2024-04-05T19:01:28","modified_gmt":"2024-04-05T17:01:28","slug":"offnungszeiten","status":"publish","type":"page","link":"https:\/\/www.zahnarztpraxis-hufschmidt.de\/?page_id=3413","title":{"rendered":"\u00d6ffnungszeiten"},"content":{"rendered":"\n<p>Unsere Praxis\u00f6ffnungszeiten:<\/p>\n\n\n\n<div class=\"wp-block-columns is-layout-flex wp-container-core-columns-is-layout-1 wp-block-columns-is-layout-flex\">\n<div class=\"wp-block-column is-layout-flow wp-block-column-is-layout-flow\"><div class=\"shortcode1-2 \"><p><strong><span style=\"text-decoration: underline;\">Montag und Dienstag<\/span><\/strong><br \/>\n8 Uhr &#8211; 13 Uhr<br \/>\n14 Uhr &#8211; 18 Uhr<\/p>\n<\/div>\n<\/div>\n\n\n\n<div class=\"wp-block-column is-layout-flow wp-block-column-is-layout-flow\"><div class=\"shortcode1-2 \"><p><strong><span style=\"text-decoration: underline;\">Mittwoch und Freitag<\/span><\/strong><br \/>\n8 Uhr &#8211; 13 Uhr<\/p>\n<\/div>\n<\/div>\n\n\n\n<div class=\"wp-block-column is-layout-flow wp-block-column-is-layout-flow\"><div class=\"shortcode1-2 \"><p><strong><span style=\"text-decoration: underline;\">Donnerstag<\/span><\/strong><br \/>\n12 Uhr &#8211; 20 Uhr<\/p>\n<\/div>\n<\/div>\n<\/div>\n\n\n\n<div style=\"height:20px\" aria-hidden=\"true\" class=\"wp-block-spacer\"><\/div>\n\n\n\n<div class=\"wp-block-columns is-layout-flex wp-container-core-columns-is-layout-2 wp-block-columns-is-layout-flex\">\n<div class=\"wp-block-column is-layout-flow wp-block-column-is-layout-flow\">\n<p class=\"has-text-align-center\">Sollten Sie au\u00dferhalb unserer \u00d6ffnungszeiten Beschwerden haben, erfahren Sie unter der Telefonnummer <strong>1 22 33<\/strong>, welche Zahnarztpraxen in Bremen Notdienst haben.<\/p>\n<\/div>\n<\/div>\n","protected":false},"excerpt":{"rendered":"<p>Unsere Praxis\u00f6ffnungszeiten: Sollten Sie au\u00dferhalb unserer \u00d6ffnungszeiten Beschwerden haben, erfahren Sie unter der Telefonnummer 1 22 33, welche Zahnarztpraxen in Bremen Notdienst haben.<\/p>\n","protected":false},"author":6,"featured_media":0,"parent":0,"menu_order":0,"comment_status":"open","ping_status":"open","template":"","meta":{"footnotes":""},"_links":{"self":[{"href":"https:\/\/www.zahnarztpraxis-hufschmidt.de\/index.php?rest_route=\/wp\/v2\/pages\/3413"}],"collection":[{"href":"https:\/\/www.zahnarztpraxis-hufschmidt.de\/index.php?rest_route=\/wp\/v2\/pages"}],"about":[{"href":"https:\/\/www.zahnarztpraxis-hufschmidt.de\/index.php?rest_route=\/wp\/v2\/types\/page"}],"author":[{"embeddable":true,"href":"https:\/\/www.zahnarztpraxis-hufschmidt.de\/index.php?rest_route=\/wp\/v2\/users\/6"}],"replies":[{"embeddable":true,"href":"https:\/\/www.zahnarztpraxis-hufschmidt.de\/index.php?rest_route=%2Fwp%2Fv2%2Fcomments&post=3413"}],"version-history":[{"count":20,"href":"https:\/\/www.zahnarztpraxis-hufschmidt.de\/index.php?rest_route=\/wp\/v2\/pages\/3413\/revisions"}],"predecessor-version":[{"id":3980,"href":"https:\/\/www.zahnarztpraxis-hufschmidt.de\/index.php?rest_route=\/wp\/v2\/pages\/3413\/revisions\/3980"}],"wp:attachment":[{"href":"https:\/\/www.zahnarztpraxis-hufschmidt.de\/index.php?rest_route=%2Fwp%2Fv2%2Fmedia&parent=3413"}],"curies":[{"name":"wp","href":"https:\/\/api.w.org\/{rel}","templated":true}]}}