{"id":3500,"date":"2014-04-28T17:02:24","date_gmt":"2014-04-28T15:02:24","guid":{"rendered":"https:\/\/www.zahnarztpraxis-hufschmidt.de\/?page_id=3500"},"modified":"2024-04-05T12:29:11","modified_gmt":"2024-04-05T10:29:11","slug":"zahnzusatzversicherungen","status":"publish","type":"page","link":"https:\/\/www.zahnarztpraxis-hufschmidt.de\/?page_id=3500","title":{"rendered":"Zahnzusatzversicherungen"},"content":{"rendered":"<p>Gesetzlich krankenversichert zu sein ist beim Zahnarztbesuch h\u00e4ufig mit Frustration verbunden. St\u00e4ndig soll man f\u00fcr irgendetwas &#8222;dazubezahlen&#8220;.<br \/>\nIn der Tat ist es leider so, dass unsere Behandlungsm\u00f6glichkeiten &#8222;\u00fcber Kasse&#8220; irgendwo auf dem Niveau der 80er Jahre stehengeblieben sind. Das trifft nicht auf alles zu, aber im Gro\u00dfen und Ganzen ist das so.<br \/>\nDer Wunsch, sich besser zu versichern, um sich nicht g\u00e4nzlich vom (zahn-)medizinischen Fortschritt abkoppeln zu lassen, ist sehr verst\u00e4ndlich und so werden wir h\u00e4ufig auf das Thema Zahnzusatzversicherungen angesprochen.<br \/>\nWir sind jedoch keine Versicherungsmakler und wollen es auch gar nicht werden, aber der folgende Link ist eine Empfehlung wert, weil er einen guten und aktuellen Markt\u00fcberblick gew\u00e4hrt und fundierte Testergebnisse vorweisen kann.<\/p>\n<p><a title=\"www.waizmanntabelle.de\" href=\"https:\/\/www.waizmanntabelle.de\" target=\"_blank\" rel=\"noopener\">www.waizmanntabelle.de<\/a><\/p>\n<p>Bitte machen Sie sich vor Abschluss einer Versicherung m\u00f6glichst genaue Gedanken dar\u00fcber, welche Leistungen f\u00fcr Sie wichtig sind!<br \/>\nNur mal so als Gedanke: Muss man die &#8222;Professionelle Zahnreinigung&#8220; versichern? Sie versichern ja auch nicht den Fris\u00f6rbesuch.<\/p>\n","protected":false},"excerpt":{"rendered":"<p>Gesetzlich krankenversichert zu sein ist beim Zahnarztbesuch h\u00e4ufig mit Frustration verbunden. St\u00e4ndig soll man f\u00fcr irgendetwas &#8222;dazubezahlen&#8220;. In der Tat ist es leider so, dass unsere Behandlungsm\u00f6glichkeiten &#8222;\u00fcber Kasse&#8220; irgendwo auf dem Niveau der 80er Jahre stehengeblieben sind. Das trifft nicht auf alles zu, aber im Gro\u00dfen und Ganzen ist das so. Der Wunsch, sich besser zu versichern, um sich nicht g\u00e4nzlich vom (zahn-)medizinischen Fortschritt abkoppeln zu lassen, ist sehr verst\u00e4ndlich und so werden wir h\u00e4ufig auf das Thema Zahnzusatzversicherungen angesprochen. Wir sind jedoch keine Versicherungsmakler und wollen es auch gar nicht werden, aber der folgende Link ist eine Empfehlung wert, weil er einen guten und aktuellen Markt\u00fcberblick gew\u00e4hrt und fundierte Testergebnisse vorweisen kann. www.waizmanntabelle.de Bitte machen Sie sich vor Abschluss einer Versicherung m\u00f6glichst genaue Gedanken dar\u00fcber, welche Leistungen f\u00fcr Sie wichtig sind! Nur mal so als Gedanke: Muss man die &#8222;Professionelle Zahnreinigung&#8220; versichern? Sie versichern ja auch nicht den Fris\u00f6rbesuch.<\/p>\n","protected":false},"author":6,"featured_media":0,"parent":0,"menu_order":0,"comment_status":"open","ping_status":"open","template":"","meta":{"footnotes":""},"_links":{"self":[{"href":"https:\/\/www.zahnarztpraxis-hufschmidt.de\/index.php?rest_route=\/wp\/v2\/pages\/3500"}],"collection":[{"href":"https:\/\/www.zahnarztpraxis-hufschmidt.de\/index.php?rest_route=\/wp\/v2\/pages"}],"about":[{"href":"https:\/\/www.zahnarztpraxis-hufschmidt.de\/index.php?rest_route=\/wp\/v2\/types\/page"}],"author":[{"embeddable":true,"href":"https:\/\/www.zahnarztpraxis-hufschmidt.de\/index.php?rest_route=\/wp\/v2\/users\/6"}],"replies":[{"embeddable":true,"href":"https:\/\/www.zahnarztpraxis-hufschmidt.de\/index.php?rest_route=%2Fwp%2Fv2%2Fcomments&post=3500"}],"version-history":[{"count":1,"href":"https:\/\/www.zahnarztpraxis-hufschmidt.de\/index.php?rest_route=\/wp\/v2\/pages\/3500\/revisions"}],"predecessor-version":[{"id":3887,"href":"https:\/\/www.zahnarztpraxis-hufschmidt.de\/index.php?rest_route=\/wp\/v2\/pages\/3500\/revisions\/3887"}],"wp:attachment":[{"href":"https:\/\/www.zahnarztpraxis-hufschmidt.de\/index.php?rest_route=%2Fwp%2Fv2%2Fmedia&parent=3500"}],"curies":[{"name":"wp","href":"https:\/\/api.w.org\/{rel}","templated":true}]}}