{"id":3559,"date":"2018-05-20T19:10:05","date_gmt":"2018-05-20T17:10:05","guid":{"rendered":"https:\/\/www.zahnarztpraxis-hufschmidt.de\/?page_id=3559"},"modified":"2024-04-05T12:30:05","modified_gmt":"2024-04-05T10:30:05","slug":"datenschutz","status":"publish","type":"page","link":"https:\/\/www.zahnarztpraxis-hufschmidt.de\/?page_id=3559","title":{"rendered":"Datenschutz"},"content":{"rendered":"<p><strong>Datenschutzerkl\u00e4rung<\/strong><\/p>\n<p>Nachfolgend erhalten Sie Informationen \u00fcber die Erhebung personenbezogener Daten bei Nutzung unserer Internetseite. Zu den personenbezogene Daten geh\u00f6ren alle Daten, die auf Sie pers\u00f6nlich beziehbar sind (z.B. Name, Adresse, E-Mail-Adressen, Nutzerverhalten, IP-Adresse).<\/p>\n<p><strong>1. Wer ist in unserer Praxis f\u00fcr den Datenschutz verantwortlich?<\/strong><\/p>\n<p>In unserer Praxis ist f\u00fcr den Datenschutz verantwortlich und steht Ihnen bei Fragen zur Verf\u00fcgung:<\/p>\n<p>Praxisinhaber Dr. Karsten Hufschmidt<br \/>\nPraxisadresse H.-H.-Meier-Allee 14, 28213 Bremen<br \/>\nTelefon 0421\/213238<br \/>\nTelefax 0421\/2239761<br \/>\nE-Mail info@praxis-hufschmidt.de<\/p>\n<p><strong>2. Welche personenbezogenen Daten erheben wir?<\/strong><\/p>\n<p>Personenbezogenen Daten von Ihnen werden von uns erhoben, wenn Sie mit uns z.B. per E-Mail oder Telefon in Kontakt treten und einen Behandlungstermin ausmachen wollen.<\/p>\n<p>Folgende pers\u00f6nliche Daten verarbeiten wir:<\/p>\n<p>\u2022 Pers\u00f6nliche Angaben (z.B. Vor- und Nachnamen, Adresse, Geburtsdatum und -ort, E-Mail-Adresse, Telefonnummer, Versicherungsstatus);<\/p>\n<p>Angaben zu Kindern erheben wir nur dann, wenn diese durch die Erziehungsberechtigten in unserer Praxis als Patient vorgestellt werden.<\/p>\n<p><strong>3. Wer erh\u00e4lt ggf. Ihre personenbezogenen Daten \u00fcbermittelt?<\/strong><\/p>\n<p>Wir nutzen auf unserer Webseite den Falk Routenplaner, um Ihnen Ihre Anfahrt zu uns zu erleichtern. Dieser erhebt einige personenbezogene Daten, \u00fcber die wir Sie in Ziffer 4 dieser Datenschutzerkl\u00e4rung im Detail \u00fcber die jeweiligen Vorg\u00e4nge informieren. Dabei nennen wir auch die festgelegten Kriterien der Speicherdauer.<\/p>\n<p><strong>4. Welchem Zweck dienen Ihre Daten und mit welcher Rechtfertigung d\u00fcrfen wir diese nutzen?<\/strong><\/p>\n<p>Wenn Sie unsere Internetseite ausschlie\u00dflich dazu nutzen, sich \u00fcber unsere Praxis zu informieren, erheben wir nur die personenbezogenen Daten, die Ihr Browser an unseren Server \u00fcbermittelt. Wenn Sie unsere Website betrachten m\u00f6chten, erheben wir die folgenden Daten, die f\u00fcr uns technisch erforderlich sind, um Ihnen unsere Website anzuzeigen und die Stabilit\u00e4t und Sicherheit zu gew\u00e4hrleisten (Rechtsgrundlage ist Art. 6 Abs. 1 S. 1 lit. f DSGVO)<br \/>\n\u2022 IP-Adresse<br \/>\n\u2022 Datum und Uhrzeit der Anfrage<br \/>\n\u2022 Zeitzonendifferenz zur Greenwich Mean Time (GMT)<br \/>\n\u2022 Inhalt der Anforderung (konkrete Seite)<br \/>\n\u2022 Zugriffsstatus\/HTTP-Statuscode<br \/>\n\u2022 jeweils \u00fcbertragene Datenmenge<br \/>\n\u2022 Website, von der die Anforderung kommt<br \/>\n\u2022 Browser<br \/>\n\u2022 Betriebssystem und dessen Oberfl\u00e4che<br \/>\n\u2022 Sprache und Version der Browsersoftware.<br \/>\nZus\u00e4tzlich zu diesen Daten werden bei Ihrer Nutzung unserer Internetseite auch Cookies auf Ihrem Rechner gespeichert. Bei Cookies handelt es sich um kleine Textdateien, die auf Ihrer Festplatte dem von Ihnen verwendeten Browser zugeordnet gespeichert werden und durch welche der Stelle, die den Cookie setzt (hier durch uns), bestimmte Informationen zuflie\u00dfen. Cookies k\u00f6nnen keine Programme ausf\u00fchren oder Viren auf Ihren Computer \u00fcbertragen. Sie dienen dazu, das Internetangebot insgesamt nutzerfreundlicher und effektiver zu machen.<\/p>\n<p>Einsatz von Cookies:<\/p>\n<p>Diese Website nutzt folgende Arten von Cookies, deren Umfang und Funktionsweise im Folgenden erl\u00e4utert werden:<\/p>\n<p>\u2022 Transiente Cookies<br \/>\nTransiente Cookies werden automatisiert gel\u00f6scht, wenn Sie den Browser schlie\u00dfen. Dazu z\u00e4hlen insbesondere die Session-Cookies. Diese speichern eine sogenannte Session-ID, mit welcher sich verschiedene Anfragen Ihres Browsers der gemeinsamen Sitzung zuordnen lassen. Dadurch kann Ihr Rechner wiedererkannt werden, wenn Sie auf unsere Website zur\u00fcckkehren. Die Session-Cookies werden gel\u00f6scht, wenn Sie sich ausloggen oder den Browser schlie\u00dfen.<\/p>\n<p>Sie k\u00f6nnen Ihre Browser-Einstellung entsprechend Ihren W\u00fcnschen konfigurieren und z.\u2009B. die Annahme von Third-Party-Cookies oder allen Cookies ablehnen. Wir weisen Sie darauf hin, dass Sie eventuell nicht alle Funktionen dieser Website nutzen k\u00f6nnen.<\/p>\n<p>Wollen Sie per E-Mail oder \u00fcber unser Kontaktformular einen Behandlungstermin vereinbaren oder eine Frage an uns richten, werden die von Ihnen mitgeteilten Daten (Ihre E-Mail-Adresse, ggf. Ihr Name und Ihre Telefonnummer) von uns gespeichert, um Ihnen einen Behandlungstermin zuweisen oder die Anfrage beantworten zu k\u00f6nnen. Die in diesem Zusammenhang anfallenden Daten l\u00f6schen wir, nachdem die Speicherung nicht mehr erforderlich ist, oder schr\u00e4nken die Verarbeitung ein, falls gesetzliche Aufbewahrungspflichten bestehen (Rechtsgrundlage ist Art. 6 Abs. 1 S. 1 lit. b DSGVO).<\/p>\n<p><strong>5. Welche Rechte haben Sie im Zusammenhang mit dem Datenschutz?<\/strong><\/p>\n<p>Sie haben gegen\u00fcber uns folgende Rechte hinsichtlich der Sie betreffenden personenbezogenen Daten:<\/p>\n<p>\u2022 Recht auf Auskunft,<br \/>\n\u2022 Recht auf Berichtigung oder L\u00f6schung,<br \/>\n\u2022 Recht auf Einschr\u00e4nkung der Verarbeitung,<br \/>\n\u2022 Recht auf Widerspruch gegen die Verarbeitung,<br \/>\n\u2022 Recht auf Daten\u00fcbertragbarkeit.<\/p>\n<p><strong>6. Wie k\u00f6nnen Sie sich ggf. beschweren?<\/strong><\/p>\n<p>Sie haben die M\u00f6glichkeit, sich mit einer Beschwerde im Zusammenhang mit der Datenverarbeitung an die f\u00fcr uns zust\u00e4ndige Datenschutzaufsicht zu wenden:<br \/>\nDie Landesbeauftragte f\u00fcr Datenschutz und Informationsfreiheit<br \/>\nder Freien Hansestadt Bremen:<\/p>\n<p>Dr. Imke Sommer<br \/>\nArndtstra\u00dfe 1<br \/>\n27570 Bremerhaven<br \/>\nTel.: 0471 596-2010 oder +0421 361-2010<br \/>\nFax: 0421 496-18495<br \/>\nE-Mail: office@datenschutz.bremen.de<br \/>\nInternet: https:\/\/www.datenschutz.bremen.de\/<\/p>\n","protected":false},"excerpt":{"rendered":"<p>Datenschutzerkl\u00e4rung Nachfolgend erhalten Sie Informationen \u00fcber die Erhebung personenbezogener Daten bei Nutzung unserer Internetseite. Zu den personenbezogene Daten geh\u00f6ren alle Daten, die auf Sie pers\u00f6nlich beziehbar sind (z.B. Name, Adresse, E-Mail-Adressen, Nutzerverhalten, IP-Adresse). 1. Wer ist in unserer Praxis f\u00fcr den Datenschutz verantwortlich? In unserer Praxis ist f\u00fcr den Datenschutz verantwortlich und steht Ihnen bei Fragen zur Verf\u00fcgung: Praxisinhaber Dr. Karsten Hufschmidt Praxisadresse H.-H.-Meier-Allee 14, 28213 Bremen Telefon 0421\/213238 Telefax 0421\/2239761 E-Mail info@praxis-hufschmidt.de 2. Welche personenbezogenen Daten erheben wir? Personenbezogenen Daten von Ihnen werden von uns erhoben, wenn Sie mit uns z.B. per E-Mail oder Telefon in Kontakt treten und einen Behandlungstermin ausmachen wollen. Folgende pers\u00f6nliche Daten verarbeiten wir: \u2022 Pers\u00f6nliche Angaben (z.B. Vor- und Nachnamen, Adresse, Geburtsdatum und -ort, E-Mail-Adresse, Telefonnummer, Versicherungsstatus); Angaben zu Kindern erheben wir nur dann, wenn diese durch die Erziehungsberechtigten in unserer Praxis als Patient vorgestellt werden. 3. Wer erh\u00e4lt ggf. Ihre personenbezogenen Daten \u00fcbermittelt? Wir nutzen auf unserer Webseite den Falk Routenplaner, um Ihnen Ihre Anfahrt zu uns zu erleichtern. Dieser erhebt einige personenbezogene Daten, \u00fcber die wir Sie in Ziffer 4 dieser Datenschutzerkl\u00e4rung im Detail \u00fcber die jeweiligen Vorg\u00e4nge informieren. Dabei nennen wir auch die festgelegten Kriterien der Speicherdauer. 4. Welchem Zweck dienen Ihre Daten und mit welcher Rechtfertigung d\u00fcrfen wir diese nutzen? Wenn Sie unsere Internetseite ausschlie\u00dflich dazu nutzen, sich \u00fcber unsere Praxis zu informieren, erheben wir nur die personenbezogenen Daten, die Ihr Browser an unseren Server \u00fcbermittelt. Wenn Sie unsere Website betrachten m\u00f6chten, erheben wir die folgenden Daten, die f\u00fcr uns technisch erforderlich sind, um Ihnen unsere Website anzuzeigen und die Stabilit\u00e4t und Sicherheit zu gew\u00e4hrleisten (Rechtsgrundlage ist Art. 6 Abs. 1 S. 1 lit. f DSGVO) \u2022 IP-Adresse \u2022 Datum und Uhrzeit der Anfrage \u2022 Zeitzonendifferenz zur Greenwich Mean Time (GMT) \u2022 Inhalt der Anforderung (konkrete Seite) \u2022 Zugriffsstatus\/HTTP-Statuscode \u2022 jeweils \u00fcbertragene Datenmenge \u2022 Website, von der die Anforderung kommt \u2022 Browser \u2022 Betriebssystem und dessen Oberfl\u00e4che \u2022 Sprache und Version der Browsersoftware. Zus\u00e4tzlich zu diesen Daten werden bei Ihrer Nutzung unserer Internetseite auch Cookies auf Ihrem Rechner gespeichert. Bei Cookies handelt es sich um kleine Textdateien, die auf Ihrer Festplatte dem von Ihnen verwendeten Browser zugeordnet gespeichert werden und durch welche der Stelle, die den Cookie setzt (hier durch uns), bestimmte Informationen zuflie\u00dfen. Cookies k\u00f6nnen keine Programme ausf\u00fchren oder Viren auf Ihren Computer \u00fcbertragen. Sie dienen dazu, das Internetangebot insgesamt nutzerfreundlicher und effektiver zu machen. Einsatz von Cookies: Diese Website nutzt folgende Arten von Cookies, deren Umfang und Funktionsweise im Folgenden erl\u00e4utert werden: \u2022 Transiente Cookies Transiente Cookies werden automatisiert gel\u00f6scht, wenn Sie den Browser schlie\u00dfen. Dazu z\u00e4hlen insbesondere die Session-Cookies. Diese speichern eine sogenannte Session-ID, mit welcher sich verschiedene Anfragen Ihres Browsers der gemeinsamen Sitzung zuordnen lassen. Dadurch kann Ihr Rechner wiedererkannt werden, wenn Sie auf unsere Website zur\u00fcckkehren. Die Session-Cookies werden gel\u00f6scht, wenn Sie sich ausloggen oder den Browser schlie\u00dfen. Sie k\u00f6nnen Ihre Browser-Einstellung entsprechend Ihren W\u00fcnschen konfigurieren und z.\u2009B. die Annahme von Third-Party-Cookies oder allen Cookies ablehnen. Wir weisen Sie darauf hin, dass Sie eventuell nicht alle Funktionen dieser Website nutzen k\u00f6nnen. Wollen Sie per E-Mail oder \u00fcber unser Kontaktformular einen Behandlungstermin vereinbaren oder eine Frage an uns richten, werden die von Ihnen mitgeteilten Daten (Ihre E-Mail-Adresse, ggf. Ihr Name und Ihre Telefonnummer) von uns gespeichert, um Ihnen einen Behandlungstermin zuweisen oder die Anfrage beantworten zu k\u00f6nnen. Die in diesem Zusammenhang anfallenden Daten l\u00f6schen wir, nachdem die Speicherung nicht mehr erforderlich ist, oder schr\u00e4nken die Verarbeitung ein, falls gesetzliche Aufbewahrungspflichten bestehen (Rechtsgrundlage ist Art. 6 Abs. 1 S. 1 lit. b DSGVO). 5. Welche Rechte haben Sie im Zusammenhang mit dem Datenschutz? Sie haben gegen\u00fcber uns folgende Rechte hinsichtlich der Sie betreffenden personenbezogenen Daten: \u2022 Recht auf Auskunft, \u2022 Recht auf Berichtigung oder L\u00f6schung, \u2022 Recht auf Einschr\u00e4nkung der Verarbeitung, \u2022 Recht auf Widerspruch gegen die Verarbeitung, \u2022 Recht auf Daten\u00fcbertragbarkeit. 6. Wie k\u00f6nnen Sie sich ggf. beschweren? Sie haben die M\u00f6glichkeit, sich mit einer Beschwerde im Zusammenhang mit der Datenverarbeitung an die f\u00fcr uns zust\u00e4ndige Datenschutzaufsicht zu wenden: Die Landesbeauftragte f\u00fcr Datenschutz und Informationsfreiheit der Freien Hansestadt Bremen: Dr. Imke Sommer Arndtstra\u00dfe 1 27570 Bremerhaven Tel.: 0471 596-2010 oder +0421 361-2010 Fax: 0421 496-18495 E-Mail: office@datenschutz.bremen.de Internet: https:\/\/www.datenschutz.bremen.de\/<\/p>\n","protected":false},"author":6,"featured_media":0,"parent":0,"menu_order":0,"comment_status":"open","ping_status":"open","template":"","meta":{"footnotes":""},"_links":{"self":[{"href":"https:\/\/www.zahnarztpraxis-hufschmidt.de\/index.php?rest_route=\/wp\/v2\/pages\/3559"}],"collection":[{"href":"https:\/\/www.zahnarztpraxis-hufschmidt.de\/index.php?rest_route=\/wp\/v2\/pages"}],"about":[{"href":"https:\/\/www.zahnarztpraxis-hufschmidt.de\/index.php?rest_route=\/wp\/v2\/types\/page"}],"author":[{"embeddable":true,"href":"https:\/\/www.zahnarztpraxis-hufschmidt.de\/index.php?rest_route=\/wp\/v2\/users\/6"}],"replies":[{"embeddable":true,"href":"https:\/\/www.zahnarztpraxis-hufschmidt.de\/index.php?rest_route=%2Fwp%2Fv2%2Fcomments&post=3559"}],"version-history":[{"count":1,"href":"https:\/\/www.zahnarztpraxis-hufschmidt.de\/index.php?rest_route=\/wp\/v2\/pages\/3559\/revisions"}],"predecessor-version":[{"id":3900,"href":"https:\/\/www.zahnarztpraxis-hufschmidt.de\/index.php?rest_route=\/wp\/v2\/pages\/3559\/revisions\/3900"}],"wp:attachment":[{"href":"https:\/\/www.zahnarztpraxis-hufschmidt.de\/index.php?rest_route=%2Fwp%2Fv2%2Fmedia&parent=3559"}],"curies":[{"name":"wp","href":"https:\/\/api.w.org\/{rel}","templated":true}]}}